{"id":106,"date":"2021-03-28T11:10:35","date_gmt":"2021-03-28T09:10:35","guid":{"rendered":"http:\/\/labermanagement.com\/?page_id=106"},"modified":"2021-05-28T14:54:38","modified_gmt":"2021-05-28T12:54:38","slug":"mission","status":"publish","type":"page","link":"https:\/\/labermanagement.com\/en\/mission\/","title":{"rendered":"Mission"},"content":{"rendered":"<div style=\"height:135px\" aria-hidden=\"true\" id=\"mission\" class=\"wp-block-spacer\"><\/div>\n\n\n\n<h2 class=\"alignwide section-title1 wp-block-heading\" id=\"mission-bd8d0ee3-60dc-4d5c-b804-6aab36325e3e\" style=\"font-size:47px\"><strong>Mission<\/strong><\/h2>\n\n\n\n<p class=\"has-medium-font-size\">We shape our future by questioning and further developing the existing. Those who neglect this transformation run the risk of falling behind. Today, more than ever, we are facing major challenges and necessary changes.<\/p>\n\n\n\n<p class=\"has-medium-font-size\">We want to be a catalyst for visionaries, with the goal of shaping a future worth living.<\/p>","protected":false},"excerpt":{"rendered":"<p>Mission Durch das Hinterfragen und Weiterentwickeln von Bestehendem gestalten wir unsere Zukunft. Wer diese Transformation vers\u00e4umt, l\u00e4uft Gefahr auf der Strecke zu bleiben. Gerade heute stehen wir \u2013 mehr denn je \u2013 vor gro\u00dfen Herausforderungen und notwendigen Ver\u00e4nderungen. Wir wollen ein Katalysator f\u00fcr Vision\u00e4re sein, mit dem Ziel, die Zukunft [&hellip;]<\/p>","protected":false},"author":1,"featured_media":0,"parent":0,"menu_order":0,"comment_status":"closed","ping_status":"closed","template":"","meta":{"advgb_blocks_editor_width":"","advgb_blocks_columns_visual_guide":"","_uag_custom_page_level_css":"","footnotes":""},"class_list":["post-106","page","type-page","status-publish","hentry"],"coauthors":[],"author_meta":{"author_link":"https:\/\/labermanagement.com\/en\/author\/lmbadmin\/","display_name":"lmbadmin"},"relative_dates":{"created":"Posted 5 years ago","modified":"Updated 5 years ago"},"absolute_dates":{"created":"Posted on 28. March 2021","modified":"Updated on 28. May 2021"},"absolute_dates_time":{"created":"Posted on 28. March 2021 11:10","modified":"Updated on 28. May 2021 14:54"},"featured_img_caption":"","featured_img":false,"series_order":"","uagb_featured_image_src":{"full":false,"thumbnail":false,"medium":false,"medium_large":false,"large":false,"1536x1536":false,"2048x2048":false,"trp-custom-language-flag":false,"featured":false,"featured@2x":false,"featured-small":false,"recent-thumbnail":false,"recent-thumbnail-retina":false,"woo-featured":false,"entry-cover":false,"entry-cover@2x":false,"loop":false,"portfolio-scroller-widget":false,"portfolio_item-thumbnail":false,"portfolio_item-masonry":false,"portfolio_item-thumbnail_wide":false,"portfolio_item-thumbnail_cinema":false,"portfolio_item-thumbnail_portrait":false,"portfolio_item-thumbnail_square":false},"uagb_author_info":{"display_name":"lmbadmin","author_link":"https:\/\/labermanagement.com\/en\/author\/lmbadmin\/"},"uagb_comment_info":0,"uagb_excerpt":"Mission Durch das Hinterfragen und Weiterentwickeln von Bestehendem gestalten wir unsere Zukunft. Wer diese Transformation vers\u00e4umt, l\u00e4uft Gefahr auf der Strecke zu bleiben. Gerade heute stehen wir \u2013 mehr denn je \u2013 vor gro\u00dfen Herausforderungen und notwendigen Ver\u00e4nderungen. Wir wollen ein Katalysator f\u00fcr Vision\u00e4re sein, mit dem Ziel, die Zukunft [&hellip;]","_links":{"self":[{"href":"https:\/\/labermanagement.com\/en\/wp-json\/wp\/v2\/pages\/106","targetHints":{"allow":["GET"]}}],"collection":[{"href":"https:\/\/labermanagement.com\/en\/wp-json\/wp\/v2\/pages"}],"about":[{"href":"https:\/\/labermanagement.com\/en\/wp-json\/wp\/v2\/types\/page"}],"author":[{"embeddable":true,"href":"https:\/\/labermanagement.com\/en\/wp-json\/wp\/v2\/users\/1"}],"replies":[{"embeddable":true,"href":"https:\/\/labermanagement.com\/en\/wp-json\/wp\/v2\/comments?post=106"}],"version-history":[{"count":50,"href":"https:\/\/labermanagement.com\/en\/wp-json\/wp\/v2\/pages\/106\/revisions"}],"predecessor-version":[{"id":1610,"href":"https:\/\/labermanagement.com\/en\/wp-json\/wp\/v2\/pages\/106\/revisions\/1610"}],"wp:attachment":[{"href":"https:\/\/labermanagement.com\/en\/wp-json\/wp\/v2\/media?parent=106"}],"curies":[{"name":"wp","href":"https:\/\/api.w.org\/{rel}","templated":true}]}}