{"id":309,"date":"2021-03-29T13:53:01","date_gmt":"2021-03-29T11:53:01","guid":{"rendered":"http:\/\/labermanagement.com\/?page_id=309"},"modified":"2021-05-07T10:10:31","modified_gmt":"2021-05-07T08:10:31","slug":"impressum","status":"publish","type":"page","link":"https:\/\/labermanagement.com\/en\/impressum\/","title":{"rendered":"Imprint"},"content":{"rendered":"<p class=\"has-medium-font-size\">Laber Management- &amp; BeteiligungsgesmbH<br>Stubenring 24\/3<br>A-1010 Wien\/Austria<br>Telefon: +43.1.236.368.40<br>E-mail: office@labermanagement.com<br>Web: www.labermanagement.com<\/p>\n\n\n\n<p class=\"has-medium-font-size\">Commercial Register: 202575f, HG Wien<br>VAT: ATU 60859468<br>Management: Dr. Werner Laber, Managing Director<br>Beh\u00f6rde gem. ECG: Magistratisches Bezirksamt f\u00fcr den I. Bezirk<\/p>","protected":false},"excerpt":{"rendered":"<p>Laber Management- &amp; BeteiligungsgesmbHStubenring 24\/3A-1010 Wien\/AustriaTelefon: +43.1.236.368.40E-Mail: office@labermanagement.comWeb: www.labermanagement.com Firmenbuchnummer: 202575f, HG WienUID: ATU 60859468Gesch\u00e4ftsleitung: Dr. Werner Laber, Gesch\u00e4ftsf\u00fchrerBeh\u00f6rde gem. ECG: Magistratisches Bezirksamt f\u00fcr den I. Bezirk<\/p>","protected":false},"author":1,"featured_media":0,"parent":0,"menu_order":0,"comment_status":"closed","ping_status":"closed","template":"","meta":{"advgb_blocks_editor_width":"","advgb_blocks_columns_visual_guide":"","_uag_custom_page_level_css":"","footnotes":""},"class_list":["post-309","page","type-page","status-publish","hentry"],"coauthors":[],"author_meta":{"author_link":"https:\/\/labermanagement.com\/en\/author\/lmbadmin\/","display_name":"lmbadmin"},"relative_dates":{"created":"Posted 5 years ago","modified":"Updated 5 years ago"},"absolute_dates":{"created":"Posted on 29. March 2021","modified":"Updated on 7. May 2021"},"absolute_dates_time":{"created":"Posted on 29. March 2021 13:53","modified":"Updated on 7. May 2021 10:10"},"featured_img_caption":"","featured_img":false,"series_order":"","uagb_featured_image_src":{"full":false,"thumbnail":false,"medium":false,"medium_large":false,"large":false,"1536x1536":false,"2048x2048":false,"trp-custom-language-flag":false,"featured":false,"featured@2x":false,"featured-small":false,"recent-thumbnail":false,"recent-thumbnail-retina":false,"woo-featured":false,"entry-cover":false,"entry-cover@2x":false,"loop":false,"portfolio-scroller-widget":false,"portfolio_item-thumbnail":false,"portfolio_item-masonry":false,"portfolio_item-thumbnail_wide":false,"portfolio_item-thumbnail_cinema":false,"portfolio_item-thumbnail_portrait":false,"portfolio_item-thumbnail_square":false},"uagb_author_info":{"display_name":"lmbadmin","author_link":"https:\/\/labermanagement.com\/en\/author\/lmbadmin\/"},"uagb_comment_info":0,"uagb_excerpt":"Laber Management- &amp; BeteiligungsgesmbHStubenring 24\/3A-1010 Wien\/AustriaTelefon: +43.1.236.368.40E-Mail: office@labermanagement.comWeb: www.labermanagement.com Firmenbuchnummer: 202575f, HG WienUID: ATU 60859468Gesch\u00e4ftsleitung: Dr. Werner Laber, Gesch\u00e4ftsf\u00fchrerBeh\u00f6rde gem. ECG: Magistratisches Bezirksamt f\u00fcr den I. Bezirk","_links":{"self":[{"href":"https:\/\/labermanagement.com\/en\/wp-json\/wp\/v2\/pages\/309","targetHints":{"allow":["GET"]}}],"collection":[{"href":"https:\/\/labermanagement.com\/en\/wp-json\/wp\/v2\/pages"}],"about":[{"href":"https:\/\/labermanagement.com\/en\/wp-json\/wp\/v2\/types\/page"}],"author":[{"embeddable":true,"href":"https:\/\/labermanagement.com\/en\/wp-json\/wp\/v2\/users\/1"}],"replies":[{"embeddable":true,"href":"https:\/\/labermanagement.com\/en\/wp-json\/wp\/v2\/comments?post=309"}],"version-history":[{"count":2,"href":"https:\/\/labermanagement.com\/en\/wp-json\/wp\/v2\/pages\/309\/revisions"}],"predecessor-version":[{"id":1097,"href":"https:\/\/labermanagement.com\/en\/wp-json\/wp\/v2\/pages\/309\/revisions\/1097"}],"wp:attachment":[{"href":"https:\/\/labermanagement.com\/en\/wp-json\/wp\/v2\/media?parent=309"}],"curies":[{"name":"wp","href":"https:\/\/api.w.org\/{rel}","templated":true}]}}